{"id":138,"date":"2014-03-25T13:56:24","date_gmt":"2014-03-25T13:56:24","guid":{"rendered":"http:\/\/www.tegacomagenturen.nl\/?page_id=138"},"modified":"2014-03-25T13:56:24","modified_gmt":"2014-03-25T13:56:24","slug":"home","status":"publish","type":"page","link":"https:\/\/www.tegacomagenturen.nl\/de\/","title":{"rendered":"Home"},"content":{"rendered":"<p>Bei Tegacom Agenturen B.V. genie\u00dft die Zufriedenheit und der Erfolg unserer Kunden oberste Priorit\u00e4t. Grundlage hierf\u00fcr ist eine gute Zusammenarbeit, die wir dem Vertrauen unserer Partner und Kunden zu verdanken haben.<\/p>\n<p>Dadurch, dass wir bei Tegacom Agenturen B.V. unsere Kr\u00e4fte mit Marktf\u00fchrern aus verschiedenen Branchen und Herstellern von elektronischen bis hin zu tontechnischen L\u00f6sungen geb\u00fcndelt haben, haben wir bereits zukunftsorientierte Gro\u00dfprojekte innerhalb der Beneluxstaaten realisieren k\u00f6nnen.<\/p>\n<p>Tegacom Agenturen B.V. bietet Ihnen:<\/p>\n<ul>\n<li>Entwurf und Entwicklung nach Ihren individuellen W\u00fcnschen<\/li>\n<li>Verkauf und Installation der von unseren Partnern hergestellten Produkte<\/li>\n<li>Direkte Kundenunterst\u00fctzung und Projektrealisierung mit einem guten Service<\/li>\n<li>Kundenspezifische technische L\u00f6sungen<\/li>\n<\/ul>\n<p>Jedes Projekt ist f\u00fcr uns eine neue Herausforderung. Lassen Sie sich von unserer Qualit\u00e4t und L\u00f6sungsausrichtung \u00fcberzeugen und setzen Sie sich unverbindlich mit uns in Verbindung.<\/p>\n","protected":false},"excerpt":{"rendered":"<p>Bei Tegacom Agenturen B.V. genie\u00dft die Zufriedenheit und der Erfolg unserer Kunden oberste Priorit\u00e4t. Grundlage hierf\u00fcr ist eine gute Zusammenarbeit, die wir dem Vertrauen unserer Partner und Kunden zu verdanken haben. Dadurch, dass wir bei Tegacom Agenturen B.V. unsere Kr\u00e4fte mit Marktf\u00fchrern aus verschiedenen Branchen und Herstellern von elektronischen bis hin zu tontechnischen L\u00f6sungen geb\u00fcndelt [&hellip;]<\/p>\n","protected":false},"author":3,"featured_media":0,"parent":0,"menu_order":0,"comment_status":"open","ping_status":"open","template":"","meta":{"footnotes":""},"class_list":["post-138","page","type-page","status-publish","hentry"],"_links":{"self":[{"href":"https:\/\/www.tegacomagenturen.nl\/de\/wp-json\/wp\/v2\/pages\/138","targetHints":{"allow":["GET"]}}],"collection":[{"href":"https:\/\/www.tegacomagenturen.nl\/de\/wp-json\/wp\/v2\/pages"}],"about":[{"href":"https:\/\/www.tegacomagenturen.nl\/de\/wp-json\/wp\/v2\/types\/page"}],"author":[{"embeddable":true,"href":"https:\/\/www.tegacomagenturen.nl\/de\/wp-json\/wp\/v2\/users\/3"}],"replies":[{"embeddable":true,"href":"https:\/\/www.tegacomagenturen.nl\/de\/wp-json\/wp\/v2\/comments?post=138"}],"version-history":[{"count":1,"href":"https:\/\/www.tegacomagenturen.nl\/de\/wp-json\/wp\/v2\/pages\/138\/revisions"}],"predecessor-version":[{"id":139,"href":"https:\/\/www.tegacomagenturen.nl\/de\/wp-json\/wp\/v2\/pages\/138\/revisions\/139"}],"wp:attachment":[{"href":"https:\/\/www.tegacomagenturen.nl\/de\/wp-json\/wp\/v2\/media?parent=138"}],"curies":[{"name":"wp","href":"https:\/\/api.w.org\/{rel}","templated":true}]}}