{"id":142,"date":"2014-03-25T13:58:31","date_gmt":"2014-03-25T13:58:31","guid":{"rendered":"http:\/\/www.tegacomagenturen.nl\/?page_id=142"},"modified":"2014-03-25T13:58:31","modified_gmt":"2014-03-25T13:58:31","slug":"arbeitsweise","status":"publish","type":"page","link":"https:\/\/www.tegacomagenturen.nl\/de\/arbeitsweise\/","title":{"rendered":"ARBEITSWEISE"},"content":{"rendered":"<p>Um Ihren Projekt nach Wunsch ausf\u00fchren zu k\u00f6nnen, finden wir es wichtig, eine enge Zusammenarbeit zwischen Ihnen als Auftraggeber, unseren Partnern und Tegacom Agenturen B.V. als den verantwortlichen Berater zu gestalten. In dieser Weise realisieren wir Ihre einzigartigen W\u00fcnsche und w\u00e4hlen wir mit gr\u00f6\u00dfter Sorgf\u00e4ltigkeit die richtige Technik und Elemente f\u00fcr Ihr Projekt.<\/p>\n<p>Zuerst findet eine ausf\u00fchrliche Untersuchung nach allen relevanten Kerndaten des Projekts statt, wie Infrastruktur, Anwendung, Ziel und Gesetzgebung. In Beratung mit dem Kunden wird danach ein Projektentwurf hinsichtlich der Kosten, Logistik und Zeit zusammengestellt, damit wir Ihnen die bestm\u00f6gliche L\u00f6sung f\u00fcr Ihr Projekt pr\u00e4sentieren k\u00f6nnen. Klare Kommunikation ist dabei wichtig, sodass sowohl den Kunden als auch den Partner eine transparente Einsicht in dem Projektfortschritt haben und sie das vorab vereinbarte Budget \u00fcberwachen k\u00f6nnen.<\/p>\n<p>Lassen Sie sich w\u00e4hrend eines v\u00f6llig unverbindlichen Gespr\u00e4chs von unseren Ideen und L\u00f6sungen \u00fcberzeugen \u2013 f\u00fcr heute und in Zukunft.<\/p>\n","protected":false},"excerpt":{"rendered":"<p>Um Ihren Projekt nach Wunsch ausf\u00fchren zu k\u00f6nnen, finden wir es wichtig, eine enge Zusammenarbeit zwischen Ihnen als Auftraggeber, unseren Partnern und Tegacom Agenturen B.V. als den verantwortlichen Berater zu gestalten. In dieser Weise realisieren wir Ihre einzigartigen W\u00fcnsche und w\u00e4hlen wir mit gr\u00f6\u00dfter Sorgf\u00e4ltigkeit die richtige Technik und Elemente f\u00fcr Ihr Projekt. Zuerst findet [&hellip;]<\/p>\n","protected":false},"author":3,"featured_media":0,"parent":0,"menu_order":0,"comment_status":"closed","ping_status":"closed","template":"","meta":{"footnotes":""},"class_list":["post-142","page","type-page","status-publish","hentry"],"_links":{"self":[{"href":"https:\/\/www.tegacomagenturen.nl\/de\/wp-json\/wp\/v2\/pages\/142","targetHints":{"allow":["GET"]}}],"collection":[{"href":"https:\/\/www.tegacomagenturen.nl\/de\/wp-json\/wp\/v2\/pages"}],"about":[{"href":"https:\/\/www.tegacomagenturen.nl\/de\/wp-json\/wp\/v2\/types\/page"}],"author":[{"embeddable":true,"href":"https:\/\/www.tegacomagenturen.nl\/de\/wp-json\/wp\/v2\/users\/3"}],"replies":[{"embeddable":true,"href":"https:\/\/www.tegacomagenturen.nl\/de\/wp-json\/wp\/v2\/comments?post=142"}],"version-history":[{"count":1,"href":"https:\/\/www.tegacomagenturen.nl\/de\/wp-json\/wp\/v2\/pages\/142\/revisions"}],"predecessor-version":[{"id":143,"href":"https:\/\/www.tegacomagenturen.nl\/de\/wp-json\/wp\/v2\/pages\/142\/revisions\/143"}],"wp:attachment":[{"href":"https:\/\/www.tegacomagenturen.nl\/de\/wp-json\/wp\/v2\/media?parent=142"}],"curies":[{"name":"wp","href":"https:\/\/api.w.org\/{rel}","templated":true}]}}