{"id":144,"date":"2014-03-25T13:59:37","date_gmt":"2014-03-25T13:59:37","guid":{"rendered":"http:\/\/www.tegacomagenturen.nl\/?page_id=144"},"modified":"2014-03-25T13:59:37","modified_gmt":"2014-03-25T13:59:37","slug":"marktlage","status":"publish","type":"page","link":"https:\/\/www.tegacomagenturen.nl\/de\/marktlage\/","title":{"rendered":"MARKTLAGE"},"content":{"rendered":"<p>W\u00e4hrend umfangreicher Projekte sind gediegene Unterst\u00fctzung und Begleitung von qualifizierten Fachleuten f\u00fcr jeden Auftraggeber essenziell. Aber gerade in diesen Zeiten des enormen Kostendrucks und der kurzen Fristen wird der Service bei der Projektrealisierung oft in den Hintergrund gedr\u00e4ngt. Es hat sich jedoch gezeigt, dass Kunden einen zus\u00e4tzlichen Service und ein einzigartiges und individuelles Vorgehen besonders sch\u00e4tzen.<\/p>\n<p>Service wird bei uns gro\u00dfgeschrieben. Qualitative Begleitung in einer f\u00fcr Kunden neue Projektumgebung ist bei Tegacom Agenturen B.V. jederzeit gew\u00e4hrleistet, ohne dass sie mehr zahlen m\u00fcssen.<\/p>\n","protected":false},"excerpt":{"rendered":"<p>W\u00e4hrend umfangreicher Projekte sind gediegene Unterst\u00fctzung und Begleitung von qualifizierten Fachleuten f\u00fcr jeden Auftraggeber essenziell. Aber gerade in diesen Zeiten des enormen Kostendrucks und der kurzen Fristen wird der Service bei der Projektrealisierung oft in den Hintergrund gedr\u00e4ngt. Es hat sich jedoch gezeigt, dass Kunden einen zus\u00e4tzlichen Service und ein einzigartiges und individuelles Vorgehen besonders [&hellip;]<\/p>\n","protected":false},"author":3,"featured_media":0,"parent":0,"menu_order":0,"comment_status":"closed","ping_status":"closed","template":"","meta":{"footnotes":""},"class_list":["post-144","page","type-page","status-publish","hentry"],"_links":{"self":[{"href":"https:\/\/www.tegacomagenturen.nl\/de\/wp-json\/wp\/v2\/pages\/144","targetHints":{"allow":["GET"]}}],"collection":[{"href":"https:\/\/www.tegacomagenturen.nl\/de\/wp-json\/wp\/v2\/pages"}],"about":[{"href":"https:\/\/www.tegacomagenturen.nl\/de\/wp-json\/wp\/v2\/types\/page"}],"author":[{"embeddable":true,"href":"https:\/\/www.tegacomagenturen.nl\/de\/wp-json\/wp\/v2\/users\/3"}],"replies":[{"embeddable":true,"href":"https:\/\/www.tegacomagenturen.nl\/de\/wp-json\/wp\/v2\/comments?post=144"}],"version-history":[{"count":1,"href":"https:\/\/www.tegacomagenturen.nl\/de\/wp-json\/wp\/v2\/pages\/144\/revisions"}],"predecessor-version":[{"id":145,"href":"https:\/\/www.tegacomagenturen.nl\/de\/wp-json\/wp\/v2\/pages\/144\/revisions\/145"}],"wp:attachment":[{"href":"https:\/\/www.tegacomagenturen.nl\/de\/wp-json\/wp\/v2\/media?parent=144"}],"curies":[{"name":"wp","href":"https:\/\/api.w.org\/{rel}","templated":true}]}}