{"id":146,"date":"2014-03-25T14:00:41","date_gmt":"2014-03-25T14:00:41","guid":{"rendered":"http:\/\/www.tegacomagenturen.nl\/?page_id=146"},"modified":"2016-10-20T17:02:15","modified_gmt":"2016-10-20T17:02:15","slug":"partners-3","status":"publish","type":"page","link":"https:\/\/www.tegacomagenturen.nl\/de\/partners-3\/","title":{"rendered":"PARTNER"},"content":{"rendered":"<p>F\u00fcr jedes Projekt arbeiten wir mit tonangebenden Herstellern und Wiederverk\u00e4ufern aus relevanten Sparten eng zusammen. \u00dcber das Kontaktformular k\u00f6nnen Sie unverbindlich weitere Informationen hierzu anfordern.<\/p>\n","protected":false},"excerpt":{"rendered":"<p>F\u00fcr jedes Projekt arbeiten wir mit tonangebenden Herstellern und Wiederverk\u00e4ufern aus relevanten Sparten eng zusammen. \u00dcber das Kontaktformular k\u00f6nnen Sie unverbindlich weitere Informationen hierzu anfordern.<\/p>\n","protected":false},"author":3,"featured_media":0,"parent":0,"menu_order":0,"comment_status":"closed","ping_status":"closed","template":"","meta":{"footnotes":""},"class_list":["post-146","page","type-page","status-publish","hentry"],"_links":{"self":[{"href":"https:\/\/www.tegacomagenturen.nl\/de\/wp-json\/wp\/v2\/pages\/146","targetHints":{"allow":["GET"]}}],"collection":[{"href":"https:\/\/www.tegacomagenturen.nl\/de\/wp-json\/wp\/v2\/pages"}],"about":[{"href":"https:\/\/www.tegacomagenturen.nl\/de\/wp-json\/wp\/v2\/types\/page"}],"author":[{"embeddable":true,"href":"https:\/\/www.tegacomagenturen.nl\/de\/wp-json\/wp\/v2\/users\/3"}],"replies":[{"embeddable":true,"href":"https:\/\/www.tegacomagenturen.nl\/de\/wp-json\/wp\/v2\/comments?post=146"}],"version-history":[{"count":2,"href":"https:\/\/www.tegacomagenturen.nl\/de\/wp-json\/wp\/v2\/pages\/146\/revisions"}],"predecessor-version":[{"id":246,"href":"https:\/\/www.tegacomagenturen.nl\/de\/wp-json\/wp\/v2\/pages\/146\/revisions\/246"}],"wp:attachment":[{"href":"https:\/\/www.tegacomagenturen.nl\/de\/wp-json\/wp\/v2\/media?parent=146"}],"curies":[{"name":"wp","href":"https:\/\/api.w.org\/{rel}","templated":true}]}}