{"id":148,"date":"2014-03-25T14:02:53","date_gmt":"2014-03-25T14:02:53","guid":{"rendered":"http:\/\/www.tegacomagenturen.nl\/?page_id=148"},"modified":"2025-02-04T13:45:28","modified_gmt":"2025-02-04T13:45:28","slug":"kontakt","status":"publish","type":"page","link":"https:\/\/www.tegacomagenturen.nl\/de\/kontakt\/","title":{"rendered":"KONTAKT"},"content":{"rendered":"<p>\u00dcber die unterstehenden Kontaktdaten k\u00f6nnen Sie unverbindlich Informationen hinsichtlich unserer Produkte und Dienstleistungen anfordern oder einen Termin vereinbaren \u2013 wir k\u00f6nnen Ihnen dann erl\u00e4utern, was wir f\u00fcr Sie machen k\u00f6nnen.<\/p>\n<p>Tegacom Agenturen B.V.<br \/>\nSmederijstraat 2<br \/>\n4814 DB\u00a0 BREDA<\/p>\n<p>Tel.: 0031-(0)6-30515585<br \/>\nE mail: info@tegacomagenturen.nl<br \/>\nKamer van Koophandel West Brabant te Breda 20100246<br \/>\nBtw.nr.: NL 8147 03 276 B01<\/p>\n<p>Disclaimer: Auch nach sorgf\u00e4ltiger Pr\u00fcfung aller Inhalt nehmen wir keinerlei Gew\u00e4hr f\u00fcr die externen Hyperlinks. F\u00fcr den Inhalt der diesbez\u00fcglichen Webseiten sind ausschlie\u00dflich die Eigent\u00fcmer dieser Seiten verantwortlich.<\/p>\n","protected":false},"excerpt":{"rendered":"<p>\u00dcber die unterstehenden Kontaktdaten k\u00f6nnen Sie unverbindlich Informationen hinsichtlich unserer Produkte und Dienstleistungen anfordern oder einen Termin vereinbaren \u2013 wir k\u00f6nnen Ihnen dann erl\u00e4utern, was wir f\u00fcr Sie machen k\u00f6nnen. Tegacom Agenturen B.V. Smederijstraat 2 4814 DB\u00a0 BREDA Tel.: 0031-(0)6-30515585 E mail: info@tegacomagenturen.nl Kamer van Koophandel West Brabant te Breda 20100246 Btw.nr.: NL 8147 03 [&hellip;]<\/p>\n","protected":false},"author":3,"featured_media":0,"parent":0,"menu_order":0,"comment_status":"closed","ping_status":"closed","template":"","meta":{"footnotes":""},"class_list":["post-148","page","type-page","status-publish","hentry"],"_links":{"self":[{"href":"https:\/\/www.tegacomagenturen.nl\/de\/wp-json\/wp\/v2\/pages\/148","targetHints":{"allow":["GET"]}}],"collection":[{"href":"https:\/\/www.tegacomagenturen.nl\/de\/wp-json\/wp\/v2\/pages"}],"about":[{"href":"https:\/\/www.tegacomagenturen.nl\/de\/wp-json\/wp\/v2\/types\/page"}],"author":[{"embeddable":true,"href":"https:\/\/www.tegacomagenturen.nl\/de\/wp-json\/wp\/v2\/users\/3"}],"replies":[{"embeddable":true,"href":"https:\/\/www.tegacomagenturen.nl\/de\/wp-json\/wp\/v2\/comments?post=148"}],"version-history":[{"count":5,"href":"https:\/\/www.tegacomagenturen.nl\/de\/wp-json\/wp\/v2\/pages\/148\/revisions"}],"predecessor-version":[{"id":365,"href":"https:\/\/www.tegacomagenturen.nl\/de\/wp-json\/wp\/v2\/pages\/148\/revisions\/365"}],"wp:attachment":[{"href":"https:\/\/www.tegacomagenturen.nl\/de\/wp-json\/wp\/v2\/media?parent=148"}],"curies":[{"name":"wp","href":"https:\/\/api.w.org\/{rel}","templated":true}]}}