{"id":151,"date":"2014-03-25T14:06:47","date_gmt":"2014-03-25T14:06:47","guid":{"rendered":"http:\/\/www.tegacomagenturen.nl\/?page_id=151"},"modified":"2014-03-25T14:06:47","modified_gmt":"2014-03-25T14:06:47","slug":"accueil","status":"publish","type":"page","link":"https:\/\/www.tegacomagenturen.nl\/fr\/","title":{"rendered":"ACCUEIL"},"content":{"rendered":"<p>Satisfaction et r\u00e9ussite de nos clients, voil\u00e0 ce qui compte le plus pour Tegacom Agenturen B.V. Et cet objectif nous pouvons l\u2019atteindre uniquement gr\u00e2ce \u00e0 une bonne collaboration bas\u00e9e sur la confiance que nous accordent nos partenaires et clients.<\/p>\n<p>C\u2019est en conjuguant nos forces avec les leaders de march\u00e9, actifs dans divers secteurs industriels et fournisseurs de solutions \u00e9lectroniques et d\u2019acoustiques, que nous avons d\u00e8s lors pu r\u00e9aliser des projets de grande envergure et d\u2019avenir au sein du Benelux.<\/p>\n<p>Tegacom Agenturen B.V. vous offre:<\/p>\n<ul>\n<li>Projet et mise en \u0153uvre cibl\u00e9s sur votre demande concrete<\/li>\n<li>Vente et installation des produits fabriqu\u00e9s par nos partenaires<\/li>\n<li>Assistance client\u00e8le directe et r\u00e9alisation de projets tout en assurant un service de qualit\u00e9<\/li>\n<li>Des solutions techniques adapt\u00e9es aux besoins du client.<\/li>\n<\/ul>\n<p>Chaque projet repr\u00e9sente pour nous un nouveau d\u00e9fi. Laissez-vous convaincre de notre qualit\u00e9 et notre esprit investigateur. Contactez-nous sans engagement.<\/p>\n","protected":false},"excerpt":{"rendered":"<p>Satisfaction et r\u00e9ussite de nos clients, voil\u00e0 ce qui compte le plus pour Tegacom Agenturen B.V. Et cet objectif nous pouvons l\u2019atteindre uniquement gr\u00e2ce \u00e0 une bonne collaboration bas\u00e9e sur la confiance que nous accordent nos partenaires et clients. C\u2019est en conjuguant nos forces avec les leaders de march\u00e9, actifs dans divers secteurs industriels et [&hellip;]<\/p>\n","protected":false},"author":3,"featured_media":0,"parent":0,"menu_order":0,"comment_status":"open","ping_status":"open","template":"","meta":{"footnotes":""},"class_list":["post-151","page","type-page","status-publish","hentry"],"_links":{"self":[{"href":"https:\/\/www.tegacomagenturen.nl\/fr\/wp-json\/wp\/v2\/pages\/151","targetHints":{"allow":["GET"]}}],"collection":[{"href":"https:\/\/www.tegacomagenturen.nl\/fr\/wp-json\/wp\/v2\/pages"}],"about":[{"href":"https:\/\/www.tegacomagenturen.nl\/fr\/wp-json\/wp\/v2\/types\/page"}],"author":[{"embeddable":true,"href":"https:\/\/www.tegacomagenturen.nl\/fr\/wp-json\/wp\/v2\/users\/3"}],"replies":[{"embeddable":true,"href":"https:\/\/www.tegacomagenturen.nl\/fr\/wp-json\/wp\/v2\/comments?post=151"}],"version-history":[{"count":1,"href":"https:\/\/www.tegacomagenturen.nl\/fr\/wp-json\/wp\/v2\/pages\/151\/revisions"}],"predecessor-version":[{"id":152,"href":"https:\/\/www.tegacomagenturen.nl\/fr\/wp-json\/wp\/v2\/pages\/151\/revisions\/152"}],"wp:attachment":[{"href":"https:\/\/www.tegacomagenturen.nl\/fr\/wp-json\/wp\/v2\/media?parent=151"}],"curies":[{"name":"wp","href":"https:\/\/api.w.org\/{rel}","templated":true}]}}