{"id":153,"date":"2014-03-25T14:07:59","date_gmt":"2014-03-25T14:07:59","guid":{"rendered":"http:\/\/www.tegacomagenturen.nl\/?page_id=153"},"modified":"2014-03-27T21:13:47","modified_gmt":"2014-03-27T21:13:47","slug":"propos-de-nous","status":"publish","type":"page","link":"https:\/\/www.tegacomagenturen.nl\/fr\/propos-de-nous\/","title":{"rendered":"Notre soci\u00e9t\u00e9"},"content":{"rendered":"<p>Tegacom Agenturen B.V. s\u2019appuie sur 30 ans d\u2019exp\u00e9rience dans les secteurs tels que les communications, l&rsquo;informatique, les solutions d\u2019acoustiques et de techniques du son ainsi que l&rsquo;industrie automobile. Cette exp\u00e9rience constitue une base solide pour une mise en \u0153uvre professionnelle et qualifi\u00e9e de syst\u00e8mes dans les t\u00e9l\u00e9communications, les multim\u00e9dia, le son et la communication industrielle. Dans cet objectif nous travaillons \u00e9troitement avec des leaders de march\u00e9 notoires de diff\u00e9rentes industries. En combinant expertise et exp\u00e9rience, Tegacom Agenturen BV offre des solutions logicielles et mat\u00e9rielles d\u00e9taill\u00e9es sur mesure et des solutions syst\u00e9miques compl\u00e8tes. A cet effet, un interlocuteur permanent est \u00e0 votre disposition, ce qui fonctionne mieux pour vous, comme pour nous.<\/p>\n<p>Nous vous envoyons volontiers notre liste de r\u00e9f\u00e9rences via le formulaire de contact.<\/p>\n","protected":false},"excerpt":{"rendered":"<p>Tegacom Agenturen B.V. s\u2019appuie sur 30 ans d\u2019exp\u00e9rience dans les secteurs tels que les communications, l&rsquo;informatique, les solutions d\u2019acoustiques et de techniques du son ainsi que l&rsquo;industrie automobile. Cette exp\u00e9rience constitue une base solide pour une mise en \u0153uvre professionnelle et qualifi\u00e9e de syst\u00e8mes dans les t\u00e9l\u00e9communications, les multim\u00e9dia, le son et la communication industrielle. [&hellip;]<\/p>\n","protected":false},"author":3,"featured_media":0,"parent":0,"menu_order":0,"comment_status":"closed","ping_status":"closed","template":"","meta":{"footnotes":""},"class_list":["post-153","page","type-page","status-publish","hentry"],"_links":{"self":[{"href":"https:\/\/www.tegacomagenturen.nl\/fr\/wp-json\/wp\/v2\/pages\/153","targetHints":{"allow":["GET"]}}],"collection":[{"href":"https:\/\/www.tegacomagenturen.nl\/fr\/wp-json\/wp\/v2\/pages"}],"about":[{"href":"https:\/\/www.tegacomagenturen.nl\/fr\/wp-json\/wp\/v2\/types\/page"}],"author":[{"embeddable":true,"href":"https:\/\/www.tegacomagenturen.nl\/fr\/wp-json\/wp\/v2\/users\/3"}],"replies":[{"embeddable":true,"href":"https:\/\/www.tegacomagenturen.nl\/fr\/wp-json\/wp\/v2\/comments?post=153"}],"version-history":[{"count":2,"href":"https:\/\/www.tegacomagenturen.nl\/fr\/wp-json\/wp\/v2\/pages\/153\/revisions"}],"predecessor-version":[{"id":204,"href":"https:\/\/www.tegacomagenturen.nl\/fr\/wp-json\/wp\/v2\/pages\/153\/revisions\/204"}],"wp:attachment":[{"href":"https:\/\/www.tegacomagenturen.nl\/fr\/wp-json\/wp\/v2\/media?parent=153"}],"curies":[{"name":"wp","href":"https:\/\/api.w.org\/{rel}","templated":true}]}}