{"id":155,"date":"2014-03-25T14:08:54","date_gmt":"2014-03-25T14:08:54","guid":{"rendered":"http:\/\/www.tegacomagenturen.nl\/?page_id=155"},"modified":"2014-03-27T21:11:32","modified_gmt":"2014-03-27T21:11:32","slug":"methode-de-travail","status":"publish","type":"page","link":"https:\/\/www.tegacomagenturen.nl\/fr\/methode-de-travail\/","title":{"rendered":"M\u00c9THODE"},"content":{"rendered":"<p>Pour la bonne mise en \u0153uvre de votre projet, il est important pour nous qu\u2019une \u00e9troite collaboration s\u2019\u00e9tablisse entre vous en tant que client, nos partenaires et Tegacom Agenturen B.V. en tant que consultant responsable. De cette fa\u00e7on, nous pouvons r\u00e9pondre \u00e0 vos besoins et choisir ainsi avec le plus grand soin la technique et les \u00e9l\u00e9ments appropri\u00e9s \u00e0 votre projet.<\/p>\n<p>Tout d\u2019abord une \u00e9tude approfondie de toutes les donn\u00e9es de base du projet est effectu\u00e9e, comme l\u2019infrastructure, la mise en pratique, les objectifs et la r\u00e9glementation. En consultation, un projet mod\u00e8le concernant les co\u00fbts, la logistique et le temps sera mis en place pour vous offrir la solution la mieux adapt\u00e9e \u00e0 votre projet. Dans ce but, une communication transparente est importante, afin que client et partenaire comprennent clairement l\u2019\u00e9volution du projet et puissent assurer le suivi du budget pr\u00e9alablement convenu.<\/p>\n<p>Durant un entretien sans engagement, laissez-vous convaincre de nos id\u00e9es et solutions, pour le pr\u00e9sent et l\u2019avenir.<\/p>\n","protected":false},"excerpt":{"rendered":"<p>Pour la bonne mise en \u0153uvre de votre projet, il est important pour nous qu\u2019une \u00e9troite collaboration s\u2019\u00e9tablisse entre vous en tant que client, nos partenaires et Tegacom Agenturen B.V. en tant que consultant responsable. De cette fa\u00e7on, nous pouvons r\u00e9pondre \u00e0 vos besoins et choisir ainsi avec le plus grand soin la technique et [&hellip;]<\/p>\n","protected":false},"author":3,"featured_media":0,"parent":0,"menu_order":0,"comment_status":"closed","ping_status":"closed","template":"","meta":{"footnotes":""},"class_list":["post-155","page","type-page","status-publish","hentry"],"_links":{"self":[{"href":"https:\/\/www.tegacomagenturen.nl\/fr\/wp-json\/wp\/v2\/pages\/155","targetHints":{"allow":["GET"]}}],"collection":[{"href":"https:\/\/www.tegacomagenturen.nl\/fr\/wp-json\/wp\/v2\/pages"}],"about":[{"href":"https:\/\/www.tegacomagenturen.nl\/fr\/wp-json\/wp\/v2\/types\/page"}],"author":[{"embeddable":true,"href":"https:\/\/www.tegacomagenturen.nl\/fr\/wp-json\/wp\/v2\/users\/3"}],"replies":[{"embeddable":true,"href":"https:\/\/www.tegacomagenturen.nl\/fr\/wp-json\/wp\/v2\/comments?post=155"}],"version-history":[{"count":2,"href":"https:\/\/www.tegacomagenturen.nl\/fr\/wp-json\/wp\/v2\/pages\/155\/revisions"}],"predecessor-version":[{"id":203,"href":"https:\/\/www.tegacomagenturen.nl\/fr\/wp-json\/wp\/v2\/pages\/155\/revisions\/203"}],"wp:attachment":[{"href":"https:\/\/www.tegacomagenturen.nl\/fr\/wp-json\/wp\/v2\/media?parent=155"}],"curies":[{"name":"wp","href":"https:\/\/api.w.org\/{rel}","templated":true}]}}