{"id":157,"date":"2014-03-25T14:10:00","date_gmt":"2014-03-25T14:10:00","guid":{"rendered":"http:\/\/www.tegacomagenturen.nl\/?page_id=157"},"modified":"2014-03-25T14:12:47","modified_gmt":"2014-03-25T14:12:47","slug":"marche","status":"publish","type":"page","link":"https:\/\/www.tegacomagenturen.nl\/fr\/marche\/","title":{"rendered":"MARCH\u00c9"},"content":{"rendered":"<p>Dans le cadre de projets de grande envergure, un r\u00e9el soutien et une assistance de professionnels qualifi\u00e9s sont essentiels pour chaque client. Mais c&rsquo;est pr\u00e9cis\u00e9ment en ces temps de pression \u00e9norme sur les co\u00fbts et de d\u00e9lais serr\u00e9s que le service passe souvent au second plan dans le d\u00e9veloppement d&rsquo;un projet. Il s\u2019av\u00e8re toutefois que les clients appr\u00e9cient \u00e9norm\u00e9ment un service \u00e0 valeur ajout\u00e9e et une approche unique et individuelle.<\/p>\n<p>En ce qui nous concerne, le service \u00e0 la client\u00e8le est hautement prioritaire. Dans un nouveau cadre de projet, Tegacom Agenturen B.V. garantit \u00e0 tout moment des directives de qualit\u00e9 \u00e0 ses clients.<\/p>\n","protected":false},"excerpt":{"rendered":"<p>Dans le cadre de projets de grande envergure, un r\u00e9el soutien et une assistance de professionnels qualifi\u00e9s sont essentiels pour chaque client. Mais c&rsquo;est pr\u00e9cis\u00e9ment en ces temps de pression \u00e9norme sur les co\u00fbts et de d\u00e9lais serr\u00e9s que le service passe souvent au second plan dans le d\u00e9veloppement d&rsquo;un projet. Il s\u2019av\u00e8re toutefois que [&hellip;]<\/p>\n","protected":false},"author":3,"featured_media":0,"parent":0,"menu_order":0,"comment_status":"closed","ping_status":"closed","template":"","meta":{"footnotes":""},"class_list":["post-157","page","type-page","status-publish","hentry"],"_links":{"self":[{"href":"https:\/\/www.tegacomagenturen.nl\/fr\/wp-json\/wp\/v2\/pages\/157","targetHints":{"allow":["GET"]}}],"collection":[{"href":"https:\/\/www.tegacomagenturen.nl\/fr\/wp-json\/wp\/v2\/pages"}],"about":[{"href":"https:\/\/www.tegacomagenturen.nl\/fr\/wp-json\/wp\/v2\/types\/page"}],"author":[{"embeddable":true,"href":"https:\/\/www.tegacomagenturen.nl\/fr\/wp-json\/wp\/v2\/users\/3"}],"replies":[{"embeddable":true,"href":"https:\/\/www.tegacomagenturen.nl\/fr\/wp-json\/wp\/v2\/comments?post=157"}],"version-history":[{"count":1,"href":"https:\/\/www.tegacomagenturen.nl\/fr\/wp-json\/wp\/v2\/pages\/157\/revisions"}],"predecessor-version":[{"id":158,"href":"https:\/\/www.tegacomagenturen.nl\/fr\/wp-json\/wp\/v2\/pages\/157\/revisions\/158"}],"wp:attachment":[{"href":"https:\/\/www.tegacomagenturen.nl\/fr\/wp-json\/wp\/v2\/media?parent=157"}],"curies":[{"name":"wp","href":"https:\/\/api.w.org\/{rel}","templated":true}]}}